{"id":9361,"date":"2025-11-30T10:49:40","date_gmt":"2025-11-30T08:49:40","guid":{"rendered":"https:\/\/kunokunui.com\/?post_type=product&#038;p=9361"},"modified":"2025-11-30T11:00:54","modified_gmt":"2025-11-30T09:00:54","slug":"kunokunui-gift-bag","status":"publish","type":"product","link":"https:\/\/kunokunui.com\/lt\/product\/kunokunui-gift-bag\/","title":{"rendered":"K\u016aNOK\u016aNUI Gift Bag"},"content":{"rendered":"","protected":false},"excerpt":{"rendered":"<p>K\u016aNOK\u016aNUI Gift Bag &#8211; Provided as a complimentary packaging option with your jewelry order.<\/p>","protected":false},"featured_media":0,"template":"","meta":[],"product_brand":[],"product_cat":[15],"product_tag":[],"class_list":{"0":"post-9361","1":"product","2":"type-product","3":"status-publish","5":"product_cat-uncategorized","7":"first","8":"instock","9":"shipping-taxable","10":"purchasable","11":"product-type-simple"},"jetpack_sharing_enabled":true,"_links":{"self":[{"href":"https:\/\/kunokunui.com\/lt\/wp-json\/wp\/v2\/product\/9361","targetHints":{"allow":["GET"]}}],"collection":[{"href":"https:\/\/kunokunui.com\/lt\/wp-json\/wp\/v2\/product"}],"about":[{"href":"https:\/\/kunokunui.com\/lt\/wp-json\/wp\/v2\/types\/product"}],"wp:attachment":[{"href":"https:\/\/kunokunui.com\/lt\/wp-json\/wp\/v2\/media?parent=9361"}],"wp:term":[{"taxonomy":"product_brand","embeddable":true,"href":"https:\/\/kunokunui.com\/lt\/wp-json\/wp\/v2\/product_brand?post=9361"},{"taxonomy":"product_cat","embeddable":true,"href":"https:\/\/kunokunui.com\/lt\/wp-json\/wp\/v2\/product_cat?post=9361"},{"taxonomy":"product_tag","embeddable":true,"href":"https:\/\/kunokunui.com\/lt\/wp-json\/wp\/v2\/product_tag?post=9361"}],"curies":[{"name":"wp","href":"https:\/\/api.w.org\/{rel}","templated":true}]}}