{"id":8427,"date":"2023-01-02T19:42:43","date_gmt":"2023-01-02T19:42:43","guid":{"rendered":"https:\/\/kunokunui.com\/?post_type=product&#038;p=8427"},"modified":"2026-04-21T22:07:19","modified_gmt":"2026-04-21T19:07:19","slug":"sevii-silver-geometric-hoop-earrings","status":"publish","type":"product","link":"https:\/\/kunokunui.com\/lt\/product\/sevii-silver-geometric-hoop-earrings\/","title":{"rendered":"Sevii - sidabro auskarai"},"content":{"rendered":"","protected":false},"excerpt":{"rendered":"<h2>Skulpt\u016bri\u0161ki, geometrini\u0173 form\u0173 auskarai, pagaminti rankomis i\u0161 perdirbto sidabro. \n\u0160onini\u0173 auskaro briaun\u0173 pavir\u0161ius matinis, su smulkia tekst\u016bra, o priekin\u0117s detal\u0117s blizgios ir kampuotos. I\u0161sid\u0117s\u010diusios lanku, jos apgaubia aus\u012f ir gaudydamos atspind\u017eius, kuria dinami\u0161k\u0105 \u0161viesos bei formos \u017eaism\u0105. \u0160ie auskarai lengvi ir tu\u0161\u010diaviduriai, tod\u0117l patogiai priglunda prie ausies, o tvirtas u\u017esegimas u\u017etikrina saug\u0173 ir komforti\u0161k\u0105 ne\u0161iojim\u0105.<\/h2>\n<ul>\n<li>Med\u017eiagos: perdirbtas sidabras 925.<\/li>\n<li>Pavir\u0161iaus u\u017ebaigimas: matin\u0117s briaunos, priekin\u0117s detal\u0117s poliruotos.<\/li>\n<li>Auskar\u0173 svoris ~ 8,6 g.<\/li>\n<li>Parduodami poroje.<\/li>\n<\/ul>\n<p><strong>Auskarai gaminami individualiai po pirkimo.<\/strong> Gamyba gali u\u017etrukti iki 10 darbo dien\u0173.<\/p>\n<div class=\"armonika\">\n\t<button class=\"armonika-button\">Pristatymas<\/button><\/p>\n<div class=\"armonika-content\">\n        <strong style=\"text-decoration: underline\">\u0160iuo metu atostogaujame, visus u\u017esakymus prad\u0117sime vykdyti nuo kovo 25 d.<\/strong><br \/>\n\t\t<strong>Lietuvoje:<\/strong><br \/>\n\t\tNemokamas \/ pristatytmo laikas 1-3 darbo dienos. Siun\u010diame registruota pa\u0161to siunta \/ \u012f pa\u0161tomatus \/ naudojantis kurjeri\u0173 paslaugomis.<br \/>\n\t\tTaip pat galite atsiimti studijoje Vilniuje, A. Jak\u0161to g. 14. (susitarus i\u0161 anksto).<br \/>\n\t\t<strong>Europos S\u0105jungoje:<\/strong><br \/>\n\t\tRegistruota pa\u0161to siunta \/ 5 \u20ac \/ pristatymo laikas 5-14 darbo dien\u0173.<br \/>\n\t\tNaudojantis kurjeri\u0173 paslaugomis \/ 15 \u20ac \/ pristatytmo laikas 3-5 darbo dienos.<br \/>\n\t\t<strong>Kitose pasaulio \u0161alyse:<\/strong><br \/>\n\t\tRegistruota pa\u0161to siunta \/ 7 \u20ac \/ pristatymo laikas 15-45 darbo dienos.<br \/>\n\t\tNaudojantis kurjeri\u0173 paslaugomis \/ 25 \u20ac \/ pristatymo laikas 3-7 darbo dienos.\n\t<\/div>\n<\/div>\n<div class=\"armonika\">\n\t<button class=\"armonika-button\">Med\u017eiagos<\/button><\/p>\n<div class=\"armonika-content\">\n\t\tFakt\u016bruotas <strong>sidabras<\/strong> yra matinis. D\u0117vimi fakt\u016bruoti papuo\u0161alai brai\u017eosi, matinis pavir\u0161ius tampa blizgesnis.<br \/>\n\t\tPoliruoto pavir\u0161iaus <strong>sidabras<\/strong> yra blizgus. D\u0117vimi poliruoto pavir\u0161iaus papuo\u0161alai brai\u017eosi, poliruotas pavir\u0161ius tampa ma\u017eiau blizgus.\n\t<\/div>\n<\/div>","protected":false},"featured_media":8428,"template":"","meta":[],"product_brand":[],"product_cat":[54,55],"product_tag":[224,231,225,232,219,230,220,223,226,227,221,222,228,229],"class_list":{"0":"post-8427","1":"product","2":"type-product","3":"status-publish","4":"has-post-thumbnail","6":"product_cat-all","7":"product_cat-ear","8":"product_tag-angular-design-earrings","9":"product_tag-architectural-jewelry","10":"product_tag-bold-hoop-earrings","11":"product_tag-elegant-hoop-earrings","12":"product_tag-geometric-hoop-earrings","13":"product_tag-handcrafted-earrings","14":"product_tag-handmade-earrings","15":"product_tag-lightweight-hoop-earrings","16":"product_tag-minimalist-jewelry","17":"product_tag-modern-earrings","18":"product_tag-recycled-silver-earrings","19":"product_tag-sculptural-earrings","20":"product_tag-statement-earrings","21":"product_tag-sterling-silver-earrings","23":"first","24":"instock","25":"shipping-taxable","26":"purchasable","27":"product-type-simple"},"jetpack_sharing_enabled":true,"_links":{"self":[{"href":"https:\/\/kunokunui.com\/lt\/wp-json\/wp\/v2\/product\/8427","targetHints":{"allow":["GET"]}}],"collection":[{"href":"https:\/\/kunokunui.com\/lt\/wp-json\/wp\/v2\/product"}],"about":[{"href":"https:\/\/kunokunui.com\/lt\/wp-json\/wp\/v2\/types\/product"}],"wp:featuredmedia":[{"embeddable":true,"href":"https:\/\/kunokunui.com\/lt\/wp-json\/wp\/v2\/media\/8428"}],"wp:attachment":[{"href":"https:\/\/kunokunui.com\/lt\/wp-json\/wp\/v2\/media?parent=8427"}],"wp:term":[{"taxonomy":"product_brand","embeddable":true,"href":"https:\/\/kunokunui.com\/lt\/wp-json\/wp\/v2\/product_brand?post=8427"},{"taxonomy":"product_cat","embeddable":true,"href":"https:\/\/kunokunui.com\/lt\/wp-json\/wp\/v2\/product_cat?post=8427"},{"taxonomy":"product_tag","embeddable":true,"href":"https:\/\/kunokunui.com\/lt\/wp-json\/wp\/v2\/product_tag?post=8427"}],"curies":[{"name":"wp","href":"https:\/\/api.w.org\/{rel}","templated":true}]}}