{"id":8420,"date":"2023-01-02T19:23:49","date_gmt":"2023-01-02T19:23:49","guid":{"rendered":"https:\/\/kunokunui.com\/?post_type=product&#038;p=8420"},"modified":"2026-02-10T21:58:23","modified_gmt":"2026-02-10T19:58:23","slug":"embra-oxidized-silver-earrings","status":"publish","type":"product","link":"https:\/\/kunokunui.com\/lt\/product\/embra-oxidized-silver-earrings\/","title":{"rendered":"Embra - oksiduoto sidabro auskarai"},"content":{"rendered":"","protected":false},"excerpt":{"rendered":"<p>Oksiduoto sidabro auskarai.<\/p>\n<ul>\n<li>Med\u017eiagos: oksiduotas sidabras 925.<\/li>\n<li>Auskar\u0173 svoris ~ 6,2 g.<\/li>\n<li>Praduodami poroje arba po vien\u0105 vienet\u0105.<\/li>\n<\/ul>\n<p><strong>Auskarai gaminami individualiai po pirkimo.<\/strong> Gamyba gali u\u017etrukti iki 10 darbo dien\u0173.<\/p>\n<div class=\"armonika\">\n\t<button class=\"armonika-button\">Pristatymas<\/button><\/p>\n<div class=\"armonika-content\">\n        <strong style=\"text-decoration: underline\">\u0160iuo metu atostogaujame, visus u\u017esakymus prad\u0117sime vykdyti nuo kovo 25 d.<\/strong><br \/>\n\t\t<strong>Lietuvoje:<\/strong><br \/>\n\t\tNemokamas \/ pristatytmo laikas 1-3 darbo dienos. Siun\u010diame registruota pa\u0161to siunta \/ \u012f pa\u0161tomatus \/ naudojantis kurjeri\u0173 paslaugomis.<br \/>\n\t\tTaip pat galite atsiimti studijoje Vilniuje, A. Jak\u0161to g. 14. (susitarus i\u0161 anksto).<br \/>\n\t\t<strong>Europos S\u0105jungoje:<\/strong><br \/>\n\t\tRegistruota pa\u0161to siunta \/ 5 \u20ac \/ pristatymo laikas 5-14 darbo dien\u0173.<br \/>\n\t\tNaudojantis kurjeri\u0173 paslaugomis \/ 15 \u20ac \/ pristatytmo laikas 3-5 darbo dienos.<br \/>\n\t\t<strong>Kitose pasaulio \u0161alyse:<\/strong><br \/>\n\t\tRegistruota pa\u0161to siunta \/ 7 \u20ac \/ pristatymo laikas 15-45 darbo dienos.<br \/>\n\t\tNaudojantis kurjeri\u0173 paslaugomis \/ 25 \u20ac \/ pristatymo laikas 3-7 darbo dienos.\n\t<\/div>\n<\/div>\n<div class=\"armonika\">\n\t<button class=\"armonika-button\">Med\u017eiagos<\/button><\/p>\n<div class=\"armonika-content\">\n\t\tSidabro papuo\u0161al\u0173 pavir\u0161ius yra oksiduojamas, papuo\u0161alas tampa tamsios, matin\u0117s spalvos. Tai n\u0117ra ilgalaikis efektas, oksiduotas d\u0117vim\u0173 papuo\u0161al\u0173 pavir\u0161ius po truput\u012f \u0161vies\u0117ja ir \u012fgauna sendinto papuo\u0161alo i\u0161vaizd\u0105.<br \/>\n\t\tOksiduot\u0105 pavir\u0161i\u0173 lengva atnaujinti su sidabro juodinimo skys\u010diu, kur\u012f galima \u012fsigyti juvelyrikos reikmen\u0173 parduotuv\u0117se.\n\t<\/div>\n<\/div>","protected":false},"featured_media":8425,"template":"","meta":[],"product_brand":[],"product_cat":[54,55],"product_tag":[],"class_list":{"0":"post-8420","1":"product","2":"type-product","3":"status-publish","4":"has-post-thumbnail","6":"product_cat-all","7":"product_cat-ear","8":"pa_select-type-one-piece","9":"pa_select-type-pair","11":"first","12":"instock","13":"shipping-taxable","14":"purchasable","15":"product-type-variable"},"jetpack_sharing_enabled":true,"_links":{"self":[{"href":"https:\/\/kunokunui.com\/lt\/wp-json\/wp\/v2\/product\/8420","targetHints":{"allow":["GET"]}}],"collection":[{"href":"https:\/\/kunokunui.com\/lt\/wp-json\/wp\/v2\/product"}],"about":[{"href":"https:\/\/kunokunui.com\/lt\/wp-json\/wp\/v2\/types\/product"}],"wp:featuredmedia":[{"embeddable":true,"href":"https:\/\/kunokunui.com\/lt\/wp-json\/wp\/v2\/media\/8425"}],"wp:attachment":[{"href":"https:\/\/kunokunui.com\/lt\/wp-json\/wp\/v2\/media?parent=8420"}],"wp:term":[{"taxonomy":"product_brand","embeddable":true,"href":"https:\/\/kunokunui.com\/lt\/wp-json\/wp\/v2\/product_brand?post=8420"},{"taxonomy":"product_cat","embeddable":true,"href":"https:\/\/kunokunui.com\/lt\/wp-json\/wp\/v2\/product_cat?post=8420"},{"taxonomy":"product_tag","embeddable":true,"href":"https:\/\/kunokunui.com\/lt\/wp-json\/wp\/v2\/product_tag?post=8420"}],"curies":[{"name":"wp","href":"https:\/\/api.w.org\/{rel}","templated":true}]}}