{"id":8180,"date":"2022-10-15T14:53:16","date_gmt":"2022-10-15T14:53:16","guid":{"rendered":"https:\/\/kunokunui.com\/?post_type=product&#038;p=8180"},"modified":"2026-02-01T21:05:53","modified_gmt":"2026-02-01T19:05:53","slug":"arsaa-silver-and-gold-ear-cuff","status":"publish","type":"product","link":"https:\/\/kunokunui.com\/lt\/product\/arsaa-silver-and-gold-ear-cuff\/","title":{"rendered":"Arsaa - sidabro ir aukso auskaras 'ear cuff'"},"content":{"rendered":"","protected":false},"excerpt":{"rendered":"<p>Fakt\u016bruoto matinio sidabro auskaras 'ear cuff' su blizgia poliruoto aukso detale.<\/p>\n<ul>\n<li>Med\u017eiagos: sidabras 925, geltonas auksas 750.<\/li>\n<li>Svoris ~ 3 g.<\/li>\n<li>Vidinis diametras ~ 10-11 mm.<\/li>\n<li>Parduodamas po vien\u0105 vienet\u0105.<\/li>\n<\/ul>\n<p>'Ear cuff' auskarams nereikia pravertos ausies, paprastai u\u017ededami, jie tvirtai ir patogiai laikosi ant ausies.<\/p>\n<p>Kaip u\u017esid\u0117ti 'ear cuff' auskar\u0105:<br \/>\n1. U\u017ed\u0117kite ant ploniausios dalies ausies vir\u0161uje.<br \/>\n2. Nuslinkite \u012f norim\u0105 pad\u0117t\u012f ausies apa\u010dioje.<\/p>\n<p><strong>Auskaras gaminamas individualiai po pirkimo.<\/strong> Gamyba gali u\u017etrukti iki 10 darbo dien\u0173.<\/p>\n<div class=\"armonika\">\n\t<button class=\"armonika-button\">Pristatymas<\/button><\/p>\n<div class=\"armonika-content\">\n\t\t<strong>Lietuvoje:<\/strong><br \/>\n\t\tNemokamas \/ pristatytmo laikas 1-3 darbo dienos. Siun\u010diame registruota pa\u0161to siunta \/ \u012f pa\u0161tomatus \/ naudojantis kurjeri\u0173 paslaugomis.<br \/>\n\t\tTaip pat galite atsiimti studijoje Vilniuje, A. Jak\u0161to g. 14. (susitarus i\u0161 anksto).<br \/>\n\t\t<strong>Europos S\u0105jungoje:<\/strong><br \/>\n\t\tRegistruota pa\u0161to siunta \/ 5 \u20ac \/ pristatymo laikas 5-14 darbo dien\u0173.<br \/>\n\t\tNaudojantis kurjeri\u0173 paslaugomis \/ 15 \u20ac \/ pristatytmo laikas 3-5 darbo dienos.<br \/>\n\t\t<strong>Kitose pasaulio \u0161alyse:<\/strong><br \/>\n\t\tRegistruota pa\u0161to siunta \/ 7 \u20ac \/ pristatymo laikas 15-45 darbo dienos.<br \/>\n\t\tNaudojantis kurjeri\u0173 paslaugomis \/ 25 \u20ac \/ pristatymo laikas 3-7 darbo dienos.\n\t<\/div>\n<\/div>\n<div class=\"armonika\">\n\t<button class=\"armonika-button\">Med\u017eiagos<\/button><\/p>\n<div class=\"armonika-content\">\n\t\t<br \/>\n\t\tAuskaras yra gaminamas i\u0161 fakt\u016bruoto matinio sidabro su blizgia poliruoto aukso detale (ne auksavimas).<br \/>\n\t\t<br \/>\n\t\tFakt\u016bruotas <strong>sidabras<\/strong> yra matinis. D\u0117vimi fakt\u016bruoti papuo\u0161alai brai\u017eosi, matinis pavir\u0161ius tampa blizgesnis.<br \/>\n\t\t<br \/>\n\t\tPoliruoto pavir\u0161iaus <strong>auksas<\/strong> yra blizgus. D\u0117vimi poliruoto pavir\u0161iaus papuo\u0161alai brai\u017eosi, poliruotas pavir\u0161ius tampa ma\u017eiau blizgus.\n\t<\/div>\n<\/div>","protected":false},"featured_media":8430,"template":"","meta":[],"product_brand":[],"product_cat":[54,55],"product_tag":[129,128,127],"class_list":{"0":"post-8180","1":"product","2":"type-product","3":"status-publish","4":"has-post-thumbnail","6":"product_cat-all","7":"product_cat-ear","8":"product_tag-ear-cuff-earring","9":"product_tag-gold-ear-cuff","10":"product_tag-silver-ear-cuff","12":"first","13":"instock","14":"shipping-taxable","15":"purchasable","16":"product-type-simple"},"jetpack_sharing_enabled":true,"_links":{"self":[{"href":"https:\/\/kunokunui.com\/lt\/wp-json\/wp\/v2\/product\/8180","targetHints":{"allow":["GET"]}}],"collection":[{"href":"https:\/\/kunokunui.com\/lt\/wp-json\/wp\/v2\/product"}],"about":[{"href":"https:\/\/kunokunui.com\/lt\/wp-json\/wp\/v2\/types\/product"}],"wp:featuredmedia":[{"embeddable":true,"href":"https:\/\/kunokunui.com\/lt\/wp-json\/wp\/v2\/media\/8430"}],"wp:attachment":[{"href":"https:\/\/kunokunui.com\/lt\/wp-json\/wp\/v2\/media?parent=8180"}],"wp:term":[{"taxonomy":"product_brand","embeddable":true,"href":"https:\/\/kunokunui.com\/lt\/wp-json\/wp\/v2\/product_brand?post=8180"},{"taxonomy":"product_cat","embeddable":true,"href":"https:\/\/kunokunui.com\/lt\/wp-json\/wp\/v2\/product_cat?post=8180"},{"taxonomy":"product_tag","embeddable":true,"href":"https:\/\/kunokunui.com\/lt\/wp-json\/wp\/v2\/product_tag?post=8180"}],"curies":[{"name":"wp","href":"https:\/\/api.w.org\/{rel}","templated":true}]}}