{"id":5930,"date":"2021-01-18T00:00:42","date_gmt":"2021-01-18T00:00:42","guid":{"rendered":"https:\/\/kunokunui.com\/product\/silver-and-gold-stud-earrings\/"},"modified":"2021-01-18T00:00:42","modified_gmt":"2021-01-18T00:00:42","slug":"silver-and-gold-stud-earrings","status":"publish","type":"product","link":"https:\/\/kunokunui.com\/lt\/product\/silver-and-gold-stud-earrings\/","title":{"rendered":"Silver and gold stud earrings"},"content":{"rendered":"","protected":false},"excerpt":{"rendered":"<p>Custom made earrings. Sterling silver and yellow gold.<\/p>\n<p>Pagal u\u017esakym\u0105 gaminami papuo\u0161alai kuriami atsi\u017evelgiant \u012f u\u017esakovo poreikius. Kartu deriname \u017eied\u0173 dizain\u0105, form\u0105, plot\u012f, pavir\u0161iaus fakt\u016br\u0105, aukso spalv\u0105 bei prab\u0105, parenkame tinkam\u0105 akmen\u012f.<\/p>\n<p>Production time usually take up to 1-3 weeks.<\/p>\n<p>&nbsp;<\/p>\n<p>To order please get in touch for a consultation.<\/p>\n<p>kotryna@kunokunui.com<\/p>","protected":false},"featured_media":5931,"template":"","meta":[],"product_brand":[],"product_cat":[85],"product_tag":[],"class_list":{"0":"post-5930","1":"product","2":"type-product","3":"status-publish","4":"has-post-thumbnail","6":"product_cat-bespoke","8":"first","9":"instock","10":"shipping-taxable","11":"product-type-simple"},"jetpack_sharing_enabled":true,"_links":{"self":[{"href":"https:\/\/kunokunui.com\/lt\/wp-json\/wp\/v2\/product\/5930","targetHints":{"allow":["GET"]}}],"collection":[{"href":"https:\/\/kunokunui.com\/lt\/wp-json\/wp\/v2\/product"}],"about":[{"href":"https:\/\/kunokunui.com\/lt\/wp-json\/wp\/v2\/types\/product"}],"wp:featuredmedia":[{"embeddable":true,"href":"https:\/\/kunokunui.com\/lt\/wp-json\/wp\/v2\/media\/5931"}],"wp:attachment":[{"href":"https:\/\/kunokunui.com\/lt\/wp-json\/wp\/v2\/media?parent=5930"}],"wp:term":[{"taxonomy":"product_brand","embeddable":true,"href":"https:\/\/kunokunui.com\/lt\/wp-json\/wp\/v2\/product_brand?post=5930"},{"taxonomy":"product_cat","embeddable":true,"href":"https:\/\/kunokunui.com\/lt\/wp-json\/wp\/v2\/product_cat?post=5930"},{"taxonomy":"product_tag","embeddable":true,"href":"https:\/\/kunokunui.com\/lt\/wp-json\/wp\/v2\/product_tag?post=5930"}],"curies":[{"name":"wp","href":"https:\/\/api.w.org\/{rel}","templated":true}]}}