{"id":5631,"date":"2020-12-06T23:24:28","date_gmt":"2020-12-06T23:24:28","guid":{"rendered":"https:\/\/kunokunui.com\/product\/arsaa-silver-ear-cuff\/"},"modified":"2026-02-01T21:07:24","modified_gmt":"2026-02-01T19:07:24","slug":"arsaa-silver-ear-cuff","status":"publish","type":"product","link":"https:\/\/kunokunui.com\/lt\/product\/arsaa-silver-ear-cuff\/","title":{"rendered":"Arsaa - sidabro auskaras 'ear cuff'"},"content":{"rendered":"","protected":false},"excerpt":{"rendered":"<h2>Dvigubas, skulpt\u016bri\u0161kos formos sidabrinis 'ear cuff' auskaras pagamintas i\u0161 matinio sidabro su blizgia poliruota detale. \nMinimalistinis, ta\u010diau dr\u0105sus ir modernus dizainas,  sukuria dviej\u0173 atskir\u0173 auskar\u0173 iliuzij\u0105.<\/h2>\n<ul>\n<li>Med\u017eiagos: perdirbtas sidabras 925.<\/li>\n<li>Pavir\u0161iaus u\u017ebaigimas: matinis su poliruota detale.<\/li>\n<li>Svoris: ~ 3 g.<\/li>\n<li>Vidinis diametras: ~ 10-11 mm.<\/li>\n<li>Parduodamas po vien\u0105 vienet\u0105.<\/li>\n<\/ul>\n<p>'Ear cuff' auskarams nereikia pravertos ausies, paprastai u\u017ededami, jie tvirtai ir patogiai laikosi ant ausies.<\/p>\n<p>Kaip u\u017esid\u0117ti 'ear cuff' auskar\u0105:<br \/>\n1. U\u017ed\u0117kite ant ploniausios dalies ausies vir\u0161uje.<br \/>\n2. Nuslinkite \u012f norim\u0105 pad\u0117t\u012f ausies apa\u010dioje.<\/p>\n<p><strong>The earring is made individually after the order is placed. Production time can take up to 10 business days.<\/strong><\/p>\n<div class=\"armonika\">\n\t<button class=\"armonika-button\">Pristatymas<\/button><\/p>\n<div class=\"armonika-content\">\n        <strong style=\"text-decoration: underline\">\u0160iuo metu atostogaujame, visus u\u017esakymus prad\u0117sime vykdyti nuo kovo 25 d.<\/strong><br \/>\n\t\t<strong>Lietuvoje:<\/strong><br \/>\n\t\tNemokamas \/ pristatytmo laikas 1-3 darbo dienos. Siun\u010diame registruota pa\u0161to siunta \/ \u012f pa\u0161tomatus \/ naudojantis kurjeri\u0173 paslaugomis.<br \/>\n\t\tTaip pat galite atsiimti studijoje Vilniuje, A. Jak\u0161to g. 14. (susitarus i\u0161 anksto).<br \/>\n\t\t<strong>Europos S\u0105jungoje:<\/strong><br \/>\n\t\tRegistruota pa\u0161to siunta \/ 5 \u20ac \/ pristatymo laikas 5-14 darbo dien\u0173.<br \/>\n\t\tNaudojantis kurjeri\u0173 paslaugomis \/ 15 \u20ac \/ pristatytmo laikas 3-5 darbo dienos.<br \/>\n\t\t<strong>Kitose pasaulio \u0161alyse:<\/strong><br \/>\n\t\tRegistruota pa\u0161to siunta \/ 7 \u20ac \/ pristatymo laikas 15-45 darbo dienos.<br \/>\n\t\tNaudojantis kurjeri\u0173 paslaugomis \/ 25 \u20ac \/ pristatymo laikas 3-7 darbo dienos.\n\t<\/div>\n<\/div>\n<div class=\"armonika\">\n\t<button class=\"armonika-button\">Med\u017eiagos<\/button><\/p>\n<div class=\"armonika-content\">\n\t\tFakt\u016bruotas <strong>sidabras<\/strong> yra matinis. D\u0117vimi fakt\u016bruoti papuo\u0161alai brai\u017eosi, matinis pavir\u0161ius tampa blizgesnis.<br \/>\n\t\tPoliruoto pavir\u0161iaus <strong>sidabras<\/strong> yra blizgus. D\u0117vimi poliruoto pavir\u0161iaus papuo\u0161alai brai\u017eosi, poliruotas pavir\u0161ius tampa ma\u017eiau blizgus.\n\t<\/div>\n<\/div>","protected":false},"featured_media":6577,"template":"","meta":[],"product_brand":[],"product_cat":[54,55],"product_tag":[],"class_list":{"0":"post-5631","1":"product","2":"type-product","3":"status-publish","4":"has-post-thumbnail","6":"product_cat-all","7":"product_cat-ear","9":"first","10":"instock","11":"shipping-taxable","12":"purchasable","13":"product-type-simple"},"jetpack_sharing_enabled":true,"_links":{"self":[{"href":"https:\/\/kunokunui.com\/lt\/wp-json\/wp\/v2\/product\/5631","targetHints":{"allow":["GET"]}}],"collection":[{"href":"https:\/\/kunokunui.com\/lt\/wp-json\/wp\/v2\/product"}],"about":[{"href":"https:\/\/kunokunui.com\/lt\/wp-json\/wp\/v2\/types\/product"}],"wp:featuredmedia":[{"embeddable":true,"href":"https:\/\/kunokunui.com\/lt\/wp-json\/wp\/v2\/media\/6577"}],"wp:attachment":[{"href":"https:\/\/kunokunui.com\/lt\/wp-json\/wp\/v2\/media?parent=5631"}],"wp:term":[{"taxonomy":"product_brand","embeddable":true,"href":"https:\/\/kunokunui.com\/lt\/wp-json\/wp\/v2\/product_brand?post=5631"},{"taxonomy":"product_cat","embeddable":true,"href":"https:\/\/kunokunui.com\/lt\/wp-json\/wp\/v2\/product_cat?post=5631"},{"taxonomy":"product_tag","embeddable":true,"href":"https:\/\/kunokunui.com\/lt\/wp-json\/wp\/v2\/product_tag?post=5631"}],"curies":[{"name":"wp","href":"https:\/\/api.w.org\/{rel}","templated":true}]}}