{"id":5360,"date":"2020-08-09T20:41:26","date_gmt":"2020-08-09T20:41:26","guid":{"rendered":"https:\/\/kunokunui.com\/product\/silver-and-emerald-ring\/"},"modified":"2020-08-09T20:41:26","modified_gmt":"2020-08-09T20:41:26","slug":"silver-and-emerald-ring","status":"publish","type":"product","link":"https:\/\/kunokunui.com\/lt\/product\/silver-and-emerald-ring\/","title":{"rendered":"Silver and emerald ring"},"content":{"rendered":"","protected":false},"excerpt":{"rendered":"<p>Custom made ring. Silver and emerald.<\/p>\n<p>Pagal u\u017esakym\u0105 gaminami papuo\u0161alai kuriami atsi\u017evelgiant \u012f u\u017esakovo poreikius. Kartu deriname \u017eied\u0173 dizain\u0105, form\u0105, plot\u012f, pavir\u0161iaus fakt\u016br\u0105, aukso spalv\u0105 bei prab\u0105, parenkame tinkam\u0105 akmen\u012f.<\/p>\n<p>Gamybos laikas 2-4 savait\u0117s.<\/p>\n<p>&nbsp;<\/p>\n<p>Nor\u0117dami u\u017esisakyti susisiekite d\u0117l konsultacijos.<\/p>\n<p>kotryna@kunokunui.com<\/p>","protected":false},"featured_media":5361,"template":"","meta":[],"product_brand":[],"product_cat":[85],"product_tag":[],"class_list":{"0":"post-5360","1":"product","2":"type-product","3":"status-publish","4":"has-post-thumbnail","6":"product_cat-bespoke","8":"first","9":"instock","10":"shipping-taxable","11":"product-type-simple"},"jetpack_sharing_enabled":true,"_links":{"self":[{"href":"https:\/\/kunokunui.com\/lt\/wp-json\/wp\/v2\/product\/5360","targetHints":{"allow":["GET"]}}],"collection":[{"href":"https:\/\/kunokunui.com\/lt\/wp-json\/wp\/v2\/product"}],"about":[{"href":"https:\/\/kunokunui.com\/lt\/wp-json\/wp\/v2\/types\/product"}],"wp:featuredmedia":[{"embeddable":true,"href":"https:\/\/kunokunui.com\/lt\/wp-json\/wp\/v2\/media\/5361"}],"wp:attachment":[{"href":"https:\/\/kunokunui.com\/lt\/wp-json\/wp\/v2\/media?parent=5360"}],"wp:term":[{"taxonomy":"product_brand","embeddable":true,"href":"https:\/\/kunokunui.com\/lt\/wp-json\/wp\/v2\/product_brand?post=5360"},{"taxonomy":"product_cat","embeddable":true,"href":"https:\/\/kunokunui.com\/lt\/wp-json\/wp\/v2\/product_cat?post=5360"},{"taxonomy":"product_tag","embeddable":true,"href":"https:\/\/kunokunui.com\/lt\/wp-json\/wp\/v2\/product_tag?post=5360"}],"curies":[{"name":"wp","href":"https:\/\/api.w.org\/{rel}","templated":true}]}}