{"id":5249,"date":"2020-04-20T10:22:00","date_gmt":"2020-04-20T10:22:00","guid":{"rendered":"https:\/\/kunokunui.com\/product\/oxidized-silver-and-diamond-ring\/"},"modified":"2023-12-17T18:27:41","modified_gmt":"2023-12-17T16:27:41","slug":"oxidized-silver-and-diamond-ring","status":"publish","type":"product","link":"https:\/\/kunokunui.com\/lt\/product\/oxidized-silver-and-diamond-ring\/","title":{"rendered":"Oksiduoto sidabro \u017eiedas su deimantu"},"content":{"rendered":"","protected":false},"excerpt":{"rendered":"<p>Custom made\u00a0 ring. Oxidized sterling silver and diamond.<\/p>\n<p>Pagal u\u017esakym\u0105 gaminami papuo\u0161alai kuriami atsi\u017evelgiant \u012f u\u017esakovo poreikius. Kartu deriname \u017eied\u0173 dizain\u0105, form\u0105, plot\u012f, pavir\u0161iaus fakt\u016br\u0105, aukso spalv\u0105 bei prab\u0105, parenkame tinkam\u0105 akmen\u012f.<\/p>\n<p>Gamybos laikas 2-4 savait\u0117s.<\/p>\n<p>&nbsp;<\/p>\n<p>To order please get in touch for a consultation.<\/p>\n<p>kotryna@kunokunui.com<\/p>","protected":false},"featured_media":5250,"template":"","meta":[],"product_brand":[],"product_cat":[85,156],"product_tag":[],"class_list":{"0":"post-5249","1":"product","2":"type-product","3":"status-publish","4":"has-post-thumbnail","6":"product_cat-bespoke","7":"product_cat-engagement","9":"first","10":"instock","11":"shipping-taxable","12":"product-type-simple"},"jetpack_sharing_enabled":true,"_links":{"self":[{"href":"https:\/\/kunokunui.com\/lt\/wp-json\/wp\/v2\/product\/5249","targetHints":{"allow":["GET"]}}],"collection":[{"href":"https:\/\/kunokunui.com\/lt\/wp-json\/wp\/v2\/product"}],"about":[{"href":"https:\/\/kunokunui.com\/lt\/wp-json\/wp\/v2\/types\/product"}],"wp:featuredmedia":[{"embeddable":true,"href":"https:\/\/kunokunui.com\/lt\/wp-json\/wp\/v2\/media\/5250"}],"wp:attachment":[{"href":"https:\/\/kunokunui.com\/lt\/wp-json\/wp\/v2\/media?parent=5249"}],"wp:term":[{"taxonomy":"product_brand","embeddable":true,"href":"https:\/\/kunokunui.com\/lt\/wp-json\/wp\/v2\/product_brand?post=5249"},{"taxonomy":"product_cat","embeddable":true,"href":"https:\/\/kunokunui.com\/lt\/wp-json\/wp\/v2\/product_cat?post=5249"},{"taxonomy":"product_tag","embeddable":true,"href":"https:\/\/kunokunui.com\/lt\/wp-json\/wp\/v2\/product_tag?post=5249"}],"curies":[{"name":"wp","href":"https:\/\/api.w.org\/{rel}","templated":true}]}}