{"id":5130,"date":"2023-04-02T20:03:19","date_gmt":"2023-04-02T17:03:19","guid":{"rendered":"https:\/\/kunokunui.com\/?post_type=product&#038;p=5130"},"modified":"2026-02-23T18:59:22","modified_gmt":"2026-02-23T16:59:22","slug":"gift-card","status":"publish","type":"product","link":"https:\/\/kunokunui.com\/lt\/product\/gift-card\/","title":{"rendered":"Dovan\u0173 kortel\u0117"},"content":{"rendered":"","protected":false},"excerpt":{"rendered":"<p>Dovan\u0173 kortel\u0117 su kodu apsipirkimui internetu, atspausdinta ir paruo\u0161ta dovanojimui.<\/p>\n<p>Jeigu pageidaujate tik virtualios dovan\u0173 kortel\u0117s el. pa\u0161tu, nurodykite tai u\u017esakymo komentaruose arba susisiekite kotryna@kunokunui.com<\/p>\n<ul>\n<li>Dovan\u0173 kortel\u0117 galioja \u0161e\u0161is m\u0117nesius.<\/li>\n<li>Vert\u0117 nuo 100 \u20ac iki 300 \u20ac.<\/li>\n<\/ul>\n<div class=\"armonika\">\n\t<button class=\"armonika-button\">Pristatymas<\/button><\/p>\n<div class=\"armonika-content\">\n        <strong style=\"text-decoration: underline\">\u0160iuo metu atostogaujame, visus u\u017esakymus prad\u0117sime vykdyti nuo kovo 25 d.<\/strong><br \/>\n\t\t<strong>Lietuvoje:<\/strong><br \/>\n\t\tNemokamas \/ pristatytmo laikas 1-3 darbo dienos. Siun\u010diame registruota pa\u0161to siunta \/ \u012f pa\u0161tomatus \/ naudojantis kurjeri\u0173 paslaugomis.<br \/>\n\t\tTaip pat galite atsiimti studijoje Vilniuje, A. Jak\u0161to g. 14. (susitarus i\u0161 anksto).<br \/>\n\t\t<strong>Europos S\u0105jungoje:<\/strong><br \/>\n\t\tRegistruota pa\u0161to siunta \/ 5 \u20ac \/ pristatymo laikas 5-14 darbo dien\u0173.<br \/>\n\t\tNaudojantis kurjeri\u0173 paslaugomis \/ 15 \u20ac \/ pristatytmo laikas 3-5 darbo dienos.<br \/>\n\t\t<strong>Kitose pasaulio \u0161alyse:<\/strong><br \/>\n\t\tRegistruota pa\u0161to siunta \/ 7 \u20ac \/ pristatymo laikas 15-45 darbo dienos.<br \/>\n\t\tNaudojantis kurjeri\u0173 paslaugomis \/ 25 \u20ac \/ pristatymo laikas 3-7 darbo dienos.\n\t<\/div>\n<\/div>","protected":false},"featured_media":8792,"template":"","meta":[],"product_brand":[],"product_cat":[15,96],"product_tag":[],"class_list":{"0":"post-5130","1":"product","2":"type-product","3":"status-publish","4":"has-post-thumbnail","6":"product_cat-uncategorized","7":"product_cat-gift-card","8":"pa_amount-100-e","9":"pa_amount-110-e","10":"pa_amount-120-e","11":"pa_amount-130-e","12":"pa_amount-140-e","13":"pa_amount-150-e","14":"pa_amount-160-e","15":"pa_amount-170-e","16":"pa_amount-180-e","17":"pa_amount-190-e","18":"pa_amount-200-e","19":"pa_amount-210-e","20":"pa_amount-220-e","21":"pa_amount-230-e","22":"pa_amount-240-e","23":"pa_amount-250-e","24":"pa_amount-260-e","25":"pa_amount-270-e","26":"pa_amount-280-e","27":"pa_amount-290-e","28":"pa_amount-300-e","29":"pa_amount-60-e","30":"pa_amount-70-e","31":"pa_amount-80-e","32":"pa_amount-90-e","34":"first","35":"instock","36":"shipping-taxable","37":"purchasable","38":"product-type-variable"},"jetpack_sharing_enabled":true,"_links":{"self":[{"href":"https:\/\/kunokunui.com\/lt\/wp-json\/wp\/v2\/product\/5130","targetHints":{"allow":["GET"]}}],"collection":[{"href":"https:\/\/kunokunui.com\/lt\/wp-json\/wp\/v2\/product"}],"about":[{"href":"https:\/\/kunokunui.com\/lt\/wp-json\/wp\/v2\/types\/product"}],"wp:featuredmedia":[{"embeddable":true,"href":"https:\/\/kunokunui.com\/lt\/wp-json\/wp\/v2\/media\/8792"}],"wp:attachment":[{"href":"https:\/\/kunokunui.com\/lt\/wp-json\/wp\/v2\/media?parent=5130"}],"wp:term":[{"taxonomy":"product_brand","embeddable":true,"href":"https:\/\/kunokunui.com\/lt\/wp-json\/wp\/v2\/product_brand?post=5130"},{"taxonomy":"product_cat","embeddable":true,"href":"https:\/\/kunokunui.com\/lt\/wp-json\/wp\/v2\/product_cat?post=5130"},{"taxonomy":"product_tag","embeddable":true,"href":"https:\/\/kunokunui.com\/lt\/wp-json\/wp\/v2\/product_tag?post=5130"}],"curies":[{"name":"wp","href":"https:\/\/api.w.org\/{rel}","templated":true}]}}