{"id":4499,"date":"2019-06-10T22:41:16","date_gmt":"2019-06-10T22:41:16","guid":{"rendered":"https:\/\/kunokunui.com\/product\/gold-and-diamond-ring-3\/"},"modified":"2023-12-17T18:23:51","modified_gmt":"2023-12-17T16:23:51","slug":"gold-and-diamond-ring-3","status":"publish","type":"product","link":"https:\/\/kunokunui.com\/lt\/product\/gold-and-diamond-ring-3\/","title":{"rendered":"Auksinis \u017eiedas su deimantu"},"content":{"rendered":"","protected":false},"excerpt":{"rendered":"<p>Balto aukso \u017eiedas su geltono aukso detale ir deimantu.<\/p>\n<p>&nbsp;<\/p>\n<p>Pagal u\u017esakym\u0105 gaminami papuo\u0161alai kuriami atsi\u017evelgiant \u012f u\u017esakovo poreikius. Kartu deriname \u017eied\u0173 dizain\u0105, form\u0105, plot\u012f, pavir\u0161iaus fakt\u016br\u0105, aukso spalv\u0105 bei prab\u0105, parenkame tinkam\u0105 akmen\u012f.<\/p>\n<p>Gamybos laikas 2-4 savait\u0117s.<\/p>\n<p>&nbsp;<\/p>\n<p>Nor\u0117dami u\u017esisakyti susisiekite d\u0117l konsultacijos.<\/p>\n<p>kotryna@kunokunui.com<\/p>","protected":false},"featured_media":4500,"template":"","meta":[],"product_brand":[],"product_cat":[85,156],"product_tag":[],"class_list":{"0":"post-4499","1":"product","2":"type-product","3":"status-publish","4":"has-post-thumbnail","6":"product_cat-bespoke","7":"product_cat-engagement","9":"first","10":"instock","11":"shipping-taxable","12":"product-type-simple"},"jetpack_sharing_enabled":true,"_links":{"self":[{"href":"https:\/\/kunokunui.com\/lt\/wp-json\/wp\/v2\/product\/4499","targetHints":{"allow":["GET"]}}],"collection":[{"href":"https:\/\/kunokunui.com\/lt\/wp-json\/wp\/v2\/product"}],"about":[{"href":"https:\/\/kunokunui.com\/lt\/wp-json\/wp\/v2\/types\/product"}],"wp:featuredmedia":[{"embeddable":true,"href":"https:\/\/kunokunui.com\/lt\/wp-json\/wp\/v2\/media\/4500"}],"wp:attachment":[{"href":"https:\/\/kunokunui.com\/lt\/wp-json\/wp\/v2\/media?parent=4499"}],"wp:term":[{"taxonomy":"product_brand","embeddable":true,"href":"https:\/\/kunokunui.com\/lt\/wp-json\/wp\/v2\/product_brand?post=4499"},{"taxonomy":"product_cat","embeddable":true,"href":"https:\/\/kunokunui.com\/lt\/wp-json\/wp\/v2\/product_cat?post=4499"},{"taxonomy":"product_tag","embeddable":true,"href":"https:\/\/kunokunui.com\/lt\/wp-json\/wp\/v2\/product_tag?post=4499"}],"curies":[{"name":"wp","href":"https:\/\/api.w.org\/{rel}","templated":true}]}}