{"id":4490,"date":"2019-06-06T16:41:12","date_gmt":"2019-06-06T16:41:12","guid":{"rendered":"https:\/\/kunokunui.com\/product\/wedding-rings-3\/"},"modified":"2026-02-01T22:29:37","modified_gmt":"2026-02-01T20:29:37","slug":"wedding-rings-3","status":"publish","type":"product","link":"https:\/\/kunokunui.com\/lt\/product\/vestuviniai-ziedai-3\/","title":{"rendered":"Vestuviniai \u017eiedai - baltas ir geltonas auksas"},"content":{"rendered":"<p><img fetchpriority=\"high\" decoding=\"async\" class=\"alignright wp-image-9032\" src=\"https:\/\/kunokunui.com\/wp-content\/uploads\/2019\/10\/KUNOKUNUI-vestuviniai-ziedai-auksas.jpg\" alt=\"\" width=\"510\" height=\"741\" srcset=\"https:\/\/kunokunui.com\/wp-content\/uploads\/2019\/10\/KUNOKUNUI-vestuviniai-ziedai-auksas.jpg 1079w, https:\/\/kunokunui.com\/wp-content\/uploads\/2019\/10\/KUNOKUNUI-vestuviniai-ziedai-auksas-413x600.jpg 413w, https:\/\/kunokunui.com\/wp-content\/uploads\/2019\/10\/KUNOKUNUI-vestuviniai-ziedai-auksas-705x1024.jpg 705w, https:\/\/kunokunui.com\/wp-content\/uploads\/2019\/10\/KUNOKUNUI-vestuviniai-ziedai-auksas-768x1116.jpg 768w, https:\/\/kunokunui.com\/wp-content\/uploads\/2019\/10\/KUNOKUNUI-vestuviniai-ziedai-auksas-1057x1536.jpg 1057w, https:\/\/kunokunui.com\/wp-content\/uploads\/2019\/10\/KUNOKUNUI-vestuviniai-ziedai-auksas-8x12.jpg 8w, https:\/\/kunokunui.com\/wp-content\/uploads\/2019\/10\/KUNOKUNUI-vestuviniai-ziedai-auksas-500x727.jpg 500w, https:\/\/kunokunui.com\/wp-content\/uploads\/2019\/10\/KUNOKUNUI-vestuviniai-ziedai-auksas-800x1163.jpg 800w\" sizes=\"(max-width: 510px) 100vw, 510px\" \/><\/p>\n<h4 data-start=\"272\" data-end=\"299\"><strong data-start=\"272\" data-end=\"297\">Vestuvini\u0173 \u017eied\u0173 gamyba pagal individual\u0173 u\u017esakym\u0105<\/strong><\/h4>\n<p data-start=\"301\" data-end=\"440\">Susisiekite d\u0117l nemokamos konsultacijos ar apsilankymo studijoje, o jei negalite atvykti \u012f studij\u0105, u\u017esakymo proces\u0105 suderinsime nuotoliniu b\u016bdu.<\/p>\n<p data-start=\"442\" data-end=\"464\"><strong data-start=\"446\" data-end=\"462\">Konsultacija<\/strong><\/p>\n<p data-start=\"465\" data-end=\"722\">Susitikimo ar konsultacijos metu aptarsime j\u016bs\u0173 vizij\u0105, bei galimus individualaus k\u016brinio sprendimus. Atvyk\u0119 \u012f studija tur\u0117site galimyb\u0119 ap\u017ei\u016br\u0117ti ir pasimatuoti jau sukurtus \u017eiedus, pajausti j\u0173 proporcijas ir i\u0161sirinkti tai, kas jums artimiausia.<\/p>\n<p data-start=\"724\" data-end=\"748\"><strong data-start=\"728\" data-end=\"746\">Dizaino k\u016brimas<\/strong><\/p>\n<p data-start=\"749\" data-end=\"974\">Atsi\u017evelgiant \u012f individualius poreikius kartu parenkame norimus metalus, aukso spalv\u0105, \u017eied\u0173 formas bei tekst\u016bras, ar kitus dizaino elementus. Paruo\u0161iu eskizus arba model\u012f, kad gal\u0117tum\u0117te pamatyti b\u016bsim\u0173 \u017eied\u0173 proporcijas ir detales.<\/p>\n<p data-start=\"976\" data-end=\"1002\"><strong data-start=\"980\" data-end=\"1000\">\u012ed\u0117jos \u012fgyvendinimas<\/strong><\/p>\n<p data-start=\"1003\" data-end=\"1222\">\u017diedai gaminami rankomis, kruop\u0161\u010diai formuojant kiekvien\u0105 detal\u0119. Visi \u017eiedai gaminami su komforto zona, kad b\u016bt\u0173 patog\u016bs kasdieniam ne\u0161iojimui. Jei gamybai naudojamas j\u016bs\u0173 auksas, jis i\u0161gryninamas nuo priemai\u0161\u0173 ir perlydomas.<\/p>\n<p data-start=\"1224\" data-end=\"1244\"><strong data-start=\"1228\" data-end=\"1242\">J\u016bs\u0173 \u017eiedai<\/strong><\/p>\n<p data-start=\"1245\" data-end=\"1488\">Priklausomai nuo dizaino sud\u0117tingumo ir pasirinkt\u0173 med\u017eiag\u0173, \u017eied\u0173 gamybos procesas gali trukti 4\u20138 savaites. Kiekvienas pagamintas \u017eiedas \u017eymimas atsakomyb\u0117s \u017eenklu, prabuojamas ir sertifikuojamas pagal Lietuvos prabavimo r\u016bm\u0173 reikalavimus, u\u017etikrinant j\u0173 autenti\u0161kum\u0105 ir med\u017eiag\u0173 kokyb\u0119.<\/p>","protected":false},"excerpt":{"rendered":"<h2>Rank\u0173 darbo vestuviniai \u017eiedai.<\/h2>\n<ul>\n<li>Med\u017eiagos: baltas auksas 585, geltonas auksas 585.<\/li>\n<\/ul>\n<p>Pagal u\u017esakym\u0105 gaminami vestuviniai \u017eiedai yra kuriami atsi\u017evelgiant \u012f J\u016bs\u0173 poreikius. Kartu deriname \u017eied\u0173 dizain\u0105, form\u0105, plot\u012f, pavir\u0161iaus fakt\u016br\u0105, aukso spalv\u0105 bei prab\u0105. Yra galimyb\u0117 perdirbti ir \u017eied\u0173 gamybai panaudoti j\u016bs\u0173 turim\u0105 auks\u0105.<\/p>\n<p>Gamybos laikas 4-8 savait\u0117s.<\/p>\n<p>Jeigu norite u\u017esisakyti vestuvinius \u017eiedus, su\u017einoti savo dyd\u017eius arba turite papildom\u0173 klausim\u0173, galite susisiekiti d\u0117l konsultacijos ar apsilankymo K\u016aNOK\u016aNUI studijoje Vilniuje, adresu A. Jak\u0161to g. 14.<\/p>\n<p>kotryna@kunokunui.com<\/p>","protected":false},"featured_media":8411,"template":"","meta":[],"product_brand":[],"product_cat":[86],"product_tag":[87,142,143,145,88,110,89,111,112,108,109,150,91,146,148,153,93,152,151,94,149],"class_list":{"0":"post-4490","1":"product","2":"type-product","3":"status-publish","4":"has-post-thumbnail","6":"product_cat-wedding","7":"product_tag-auksas-585","8":"product_tag-auksiniai-ziedai","9":"product_tag-aukso-ziedai","10":"product_tag-autorine-juvelyrika","11":"product_tag-baltas-auksas","12":"product_tag-baltas-ir-geltonas-auksas","13":"product_tag-balto-aukso-vestuviniai-ziedai","14":"product_tag-balto-ir-geltono-aukso","15":"product_tag-dvieju-spalvu-ziedai","16":"product_tag-geltonas-auksas","17":"product_tag-geltono-aukso-vestuviniai-ziedai","18":"product_tag-isskirtiniai-vestuviniai-ziedai","19":"product_tag-kalineti-vestuviniai-ziedai","20":"product_tag-komforto-zona","21":"product_tag-modernus-vestuviniai-ziedai","22":"product_tag-ploni-vestuviniai-ziedai","23":"product_tag-ranku-darbo-vestuviniai-ziedai","24":"product_tag-siauri-vestuviniai-ziedai","25":"product_tag-unikalus-vestuviniai-ziedai","26":"product_tag-vestuviniai-ziedai","27":"product_tag-vilniaus-juvelyrai","29":"first","30":"instock","31":"shipping-taxable","32":"purchasable","33":"product-type-simple"},"jetpack_sharing_enabled":true,"_links":{"self":[{"href":"https:\/\/kunokunui.com\/lt\/wp-json\/wp\/v2\/product\/4490","targetHints":{"allow":["GET"]}}],"collection":[{"href":"https:\/\/kunokunui.com\/lt\/wp-json\/wp\/v2\/product"}],"about":[{"href":"https:\/\/kunokunui.com\/lt\/wp-json\/wp\/v2\/types\/product"}],"wp:featuredmedia":[{"embeddable":true,"href":"https:\/\/kunokunui.com\/lt\/wp-json\/wp\/v2\/media\/8411"}],"wp:attachment":[{"href":"https:\/\/kunokunui.com\/lt\/wp-json\/wp\/v2\/media?parent=4490"}],"wp:term":[{"taxonomy":"product_brand","embeddable":true,"href":"https:\/\/kunokunui.com\/lt\/wp-json\/wp\/v2\/product_brand?post=4490"},{"taxonomy":"product_cat","embeddable":true,"href":"https:\/\/kunokunui.com\/lt\/wp-json\/wp\/v2\/product_cat?post=4490"},{"taxonomy":"product_tag","embeddable":true,"href":"https:\/\/kunokunui.com\/lt\/wp-json\/wp\/v2\/product_tag?post=4490"}],"curies":[{"name":"wp","href":"https:\/\/api.w.org\/{rel}","templated":true}]}}