{"id":4487,"date":"2019-06-05T08:43:53","date_gmt":"2019-06-05T08:43:53","guid":{"rendered":"https:\/\/kunokunui.com\/product\/two-stone-ring\/"},"modified":"2023-12-17T18:24:05","modified_gmt":"2023-12-17T16:24:05","slug":"two-stone-ring","status":"publish","type":"product","link":"https:\/\/kunokunui.com\/lt\/product\/two-stone-ring\/","title":{"rendered":"Balto aukso \u017eiedas su dviem deimantais"},"content":{"rendered":"","protected":false},"excerpt":{"rendered":"<p>Two round cut diamonds ring in white and yellow gold.<\/p>\n<p>&nbsp;<\/p>\n<p>Pagal u\u017esakym\u0105 gaminami papuo\u0161alai kuriami atsi\u017evelgiant \u012f u\u017esakovo poreikius. Kartu deriname \u017eied\u0173 dizain\u0105, form\u0105, plot\u012f, pavir\u0161iaus fakt\u016br\u0105, aukso spalv\u0105 bei prab\u0105, parenkame tinkam\u0105 akmen\u012f.<\/p>\n<p>Gamybos laikas 2-4 savait\u0117s.<\/p>\n<p>&nbsp;<\/p>\n<p>Nor\u0117dami u\u017esisakyti susisiekite d\u0117l konsultacijos.<\/p>\n<p>kotryna@kunokunui.com<\/p>","protected":false},"featured_media":4488,"template":"","meta":[],"product_brand":[],"product_cat":[85,156],"product_tag":[],"class_list":{"0":"post-4487","1":"product","2":"type-product","3":"status-publish","4":"has-post-thumbnail","6":"product_cat-bespoke","7":"product_cat-engagement","9":"first","10":"instock","11":"shipping-taxable","12":"product-type-simple"},"jetpack_sharing_enabled":true,"_links":{"self":[{"href":"https:\/\/kunokunui.com\/lt\/wp-json\/wp\/v2\/product\/4487","targetHints":{"allow":["GET"]}}],"collection":[{"href":"https:\/\/kunokunui.com\/lt\/wp-json\/wp\/v2\/product"}],"about":[{"href":"https:\/\/kunokunui.com\/lt\/wp-json\/wp\/v2\/types\/product"}],"wp:featuredmedia":[{"embeddable":true,"href":"https:\/\/kunokunui.com\/lt\/wp-json\/wp\/v2\/media\/4488"}],"wp:attachment":[{"href":"https:\/\/kunokunui.com\/lt\/wp-json\/wp\/v2\/media?parent=4487"}],"wp:term":[{"taxonomy":"product_brand","embeddable":true,"href":"https:\/\/kunokunui.com\/lt\/wp-json\/wp\/v2\/product_brand?post=4487"},{"taxonomy":"product_cat","embeddable":true,"href":"https:\/\/kunokunui.com\/lt\/wp-json\/wp\/v2\/product_cat?post=4487"},{"taxonomy":"product_tag","embeddable":true,"href":"https:\/\/kunokunui.com\/lt\/wp-json\/wp\/v2\/product_tag?post=4487"}],"curies":[{"name":"wp","href":"https:\/\/api.w.org\/{rel}","templated":true}]}}