{"id":1881,"date":"2018-06-04T15:45:13","date_gmt":"2018-06-04T15:45:13","guid":{"rendered":"https:\/\/kunokunui.com\/product\/olipi-silver-and-gold-ring\/"},"modified":"2026-03-09T19:05:19","modified_gmt":"2026-03-09T17:05:19","slug":"olipi-silver-and-gold-ring","status":"publish","type":"product","link":"https:\/\/kunokunui.com\/lt\/product\/olipi-silver-and-gold-ring\/","title":{"rendered":"Olipi - sidabro ir aukso \u017eiedas"},"content":{"rendered":"","protected":false},"excerpt":{"rendered":"<p>Fakt\u016bruoto matinio sidabro \u017eiedas su blizgiomis poliruoto aukso detal\u0117mis.<\/p>\n<ul>\n<li>Med\u017eiagos: sidabras 925, geltonas auksas 750.<\/li>\n<li>Svoris ~ 2 g.<\/li>\n<\/ul>\n<div class=\"armonika\">\n\t<button class=\"armonika-button\">Pristatymas<\/button><\/p>\n<div class=\"armonika-content\">\n        <strong style=\"text-decoration: underline\">\u0160iuo metu atostogaujame, visus u\u017esakymus prad\u0117sime vykdyti nuo kovo 25 d.<\/strong><br \/>\n\t\t<strong>Lietuvoje:<\/strong><br \/>\n\t\tNemokamas \/ pristatytmo laikas 1-3 darbo dienos. Siun\u010diame registruota pa\u0161to siunta \/ \u012f pa\u0161tomatus \/ naudojantis kurjeri\u0173 paslaugomis.<br \/>\n\t\tTaip pat galite atsiimti studijoje Vilniuje, A. Jak\u0161to g. 14. (susitarus i\u0161 anksto).<br \/>\n\t\t<strong>Europos S\u0105jungoje:<\/strong><br \/>\n\t\tRegistruota pa\u0161to siunta \/ 5 \u20ac \/ pristatymo laikas 5-14 darbo dien\u0173.<br \/>\n\t\tNaudojantis kurjeri\u0173 paslaugomis \/ 15 \u20ac \/ pristatytmo laikas 3-5 darbo dienos.<br \/>\n\t\t<strong>Kitose pasaulio \u0161alyse:<\/strong><br \/>\n\t\tRegistruota pa\u0161to siunta \/ 7 \u20ac \/ pristatymo laikas 15-45 darbo dienos.<br \/>\n\t\tNaudojantis kurjeri\u0173 paslaugomis \/ 25 \u20ac \/ pristatymo laikas 3-7 darbo dienos.\n\t<\/div>\n<\/div>\n<div class=\"armonika\">\n\t<button class=\"armonika-button\">Med\u017eiagos<\/button><\/p>\n<div class=\"armonika-content\">\n\t\t<br \/>\n\t\t\u017diedas gaminamas i\u0161 fakt\u016bruoto matinio sidabro su blizgia poliruoto aukso detale (ne auksavimas).<br \/>\n\t\t<br \/>\n\t\tFakt\u016bruotas <strong>sidabras<\/strong> yra matinis. D\u0117vimi fakt\u016bruoti papuo\u0161alai brai\u017eosi, matinis pavir\u0161ius tampa blizgesnis.<br \/>\n\t\t<br \/>\n\t\tPoliruoto pavir\u0161iaus <strong>auksas<\/strong> yra blizgus. D\u0117vimi poliruoto pavir\u0161iaus papuo\u0161alai brai\u017eosi, poliruotas pavir\u0161ius tampa ma\u017eiau blizgus.\n\t<\/div>\n<\/div>\n<div class=\"armonika\">\n\t<button class=\"armonika-button\">\u017died\u0173 dyd\u017eiai<\/button><\/p>\n<div class=\"armonika-content\">\n\t<br \/>\n\t\u017diedo dyd\u012f galite su\u017einoti apsilank\u0119 K\u016aNOK\u016aNUI studijoje arba juvelyrikos preki\u0173 parduotuv\u0117je.<br \/>\n\t<br \/>\n\tPir\u0161to dyd\u012f geriausia matuoti esant normaliai kambario temperat\u016brai. Esant labai kar\u0161tai ar \u0161altai temperat\u016brai pir\u0161tai did\u0117ja arba ma\u017e\u0117ja. Plat\u016bs \u017eiedai labiau apspaud\u017eia pir\u0161t\u0105 nei siauri, tod\u0117l dyd\u012f galite rinktis \u0161iekt tiek didesn\u012f.<br \/>\n\t<br \/>\n\tJeigu \u012fsigijote netinkamo dyd\u017eio \u017eied\u0105, <strong>galime nemokamai pakoreguoti dyd\u012f arba pakeisti \u012f kit\u0105.<\/strong> Nor\u0117dami pakeisti \u017eiedo dyd\u012f, susisiekite el.pa\u0161tu kotryna@kunokunui.com.<br \/>\n\t<br \/>\n\t<u><a title=\"\u017died\u0173 dyd\u017eiai\" href=\"https:\/\/kunokunui.com\/lt\/ring-sizes\/\">\u017died\u0173 dyd\u017ei\u0173 lentel\u0117<\/a><\/u>\n\t<\/div>\n<\/div>","protected":false},"featured_media":8376,"template":"","meta":[],"product_brand":[],"product_cat":[54,62],"product_tag":[],"class_list":{"0":"post-1881","1":"product","2":"type-product","3":"status-publish","4":"has-post-thumbnail","6":"product_cat-all","7":"product_cat-finger","9":"first","10":"instock","11":"shipping-taxable","12":"purchasable","13":"product-type-variable"},"jetpack_sharing_enabled":true,"_links":{"self":[{"href":"https:\/\/kunokunui.com\/lt\/wp-json\/wp\/v2\/product\/1881","targetHints":{"allow":["GET"]}}],"collection":[{"href":"https:\/\/kunokunui.com\/lt\/wp-json\/wp\/v2\/product"}],"about":[{"href":"https:\/\/kunokunui.com\/lt\/wp-json\/wp\/v2\/types\/product"}],"wp:featuredmedia":[{"embeddable":true,"href":"https:\/\/kunokunui.com\/lt\/wp-json\/wp\/v2\/media\/8376"}],"wp:attachment":[{"href":"https:\/\/kunokunui.com\/lt\/wp-json\/wp\/v2\/media?parent=1881"}],"wp:term":[{"taxonomy":"product_brand","embeddable":true,"href":"https:\/\/kunokunui.com\/lt\/wp-json\/wp\/v2\/product_brand?post=1881"},{"taxonomy":"product_cat","embeddable":true,"href":"https:\/\/kunokunui.com\/lt\/wp-json\/wp\/v2\/product_cat?post=1881"},{"taxonomy":"product_tag","embeddable":true,"href":"https:\/\/kunokunui.com\/lt\/wp-json\/wp\/v2\/product_tag?post=1881"}],"curies":[{"name":"wp","href":"https:\/\/api.w.org\/{rel}","templated":true}]}}