{"id":1694,"date":"2018-06-04T11:12:42","date_gmt":"2018-06-04T11:12:42","guid":{"rendered":"https:\/\/kunokunui.com\/product\/larre-gold-plated-silver-earrings\/"},"modified":"2026-02-01T21:10:38","modified_gmt":"2026-02-01T19:10:38","slug":"larre-silver-and-gold-earrings","status":"publish","type":"product","link":"https:\/\/kunokunui.com\/lt\/product\/larre-silver-and-gold-earrings\/","title":{"rendered":"Larre - sidabro ir aukso auskarai"},"content":{"rendered":"","protected":false},"excerpt":{"rendered":"<p>Fakt\u016bruoto matinio sidabro auskarai su blizgiomis poliruoto aukso detal\u0117mis.<\/p>\n<ul>\n<li>Med\u017eiagos: sidabras 925, geltonas auksas 750.<\/li>\n<li>Earrings weight ~ 4 g.<\/li>\n<li>Parduodami poroje.<\/li>\n<\/ul>\n<p><strong>Auskarai gaminami individualiai po pirkimo.<\/strong> Gamyba gali u\u017etrukti iki 10 darbo dien\u0173.<\/p>\n<div class=\"armonika\">\n\t<button class=\"armonika-button\">Pristatymas<\/button><\/p>\n<div class=\"armonika-content\">\n        <strong style=\"text-decoration: underline\">\u0160iuo metu atostogaujame, visus u\u017esakymus prad\u0117sime vykdyti nuo kovo 25 d.<\/strong><br \/>\n\t\t<strong>Lietuvoje:<\/strong><br \/>\n\t\tNemokamas \/ pristatytmo laikas 1-3 darbo dienos. Siun\u010diame registruota pa\u0161to siunta \/ \u012f pa\u0161tomatus \/ naudojantis kurjeri\u0173 paslaugomis.<br \/>\n\t\tTaip pat galite atsiimti studijoje Vilniuje, A. Jak\u0161to g. 14. (susitarus i\u0161 anksto).<br \/>\n\t\t<strong>Europos S\u0105jungoje:<\/strong><br \/>\n\t\tRegistruota pa\u0161to siunta \/ 5 \u20ac \/ pristatymo laikas 5-14 darbo dien\u0173.<br \/>\n\t\tNaudojantis kurjeri\u0173 paslaugomis \/ 15 \u20ac \/ pristatytmo laikas 3-5 darbo dienos.<br \/>\n\t\t<strong>Kitose pasaulio \u0161alyse:<\/strong><br \/>\n\t\tRegistruota pa\u0161to siunta \/ 7 \u20ac \/ pristatymo laikas 15-45 darbo dienos.<br \/>\n\t\tNaudojantis kurjeri\u0173 paslaugomis \/ 25 \u20ac \/ pristatymo laikas 3-7 darbo dienos.\n\t<\/div>\n<\/div>\n<div class=\"armonika\">\n\t<button class=\"armonika-button\">Med\u017eiagos<\/button><\/p>\n<div class=\"armonika-content\">\n\t\t<br \/>\n\t\tAuskarai gaminami i\u0161 fakt\u016bruoto matinio sidabro su blizgiomis aukso detal\u0117mis (ne auksavimas).<br \/>\n\t\t<br \/>\n\t\tFakt\u016bruotas <strong>sidabras<\/strong> yra matinis. D\u0117vimi fakt\u016bruoti papuo\u0161alai brai\u017eosi, matinis pavir\u0161ius tampa blizgesnis.<br \/>\n\t\t<br \/>\n\t\tPoliruoto pavir\u0161iaus <strong>auksas<\/strong> yra blizgus. D\u0117vimi poliruoto pavir\u0161iaus papuo\u0161alai brai\u017eosi, poliruotas pavir\u0161ius tampa ma\u017eiau blizgus.\n\t<\/div>\n<\/div>","protected":false},"featured_media":6645,"template":"","meta":[],"product_brand":[],"product_cat":[54,55],"product_tag":[],"class_list":{"0":"post-1694","1":"product","2":"type-product","3":"status-publish","4":"has-post-thumbnail","6":"product_cat-all","7":"product_cat-ear","8":"pa_select-type-one-piece","9":"pa_select-type-pair","11":"first","12":"instock","13":"shipping-taxable","14":"purchasable","15":"product-type-simple"},"jetpack_sharing_enabled":true,"_links":{"self":[{"href":"https:\/\/kunokunui.com\/lt\/wp-json\/wp\/v2\/product\/1694","targetHints":{"allow":["GET"]}}],"collection":[{"href":"https:\/\/kunokunui.com\/lt\/wp-json\/wp\/v2\/product"}],"about":[{"href":"https:\/\/kunokunui.com\/lt\/wp-json\/wp\/v2\/types\/product"}],"wp:featuredmedia":[{"embeddable":true,"href":"https:\/\/kunokunui.com\/lt\/wp-json\/wp\/v2\/media\/6645"}],"wp:attachment":[{"href":"https:\/\/kunokunui.com\/lt\/wp-json\/wp\/v2\/media?parent=1694"}],"wp:term":[{"taxonomy":"product_brand","embeddable":true,"href":"https:\/\/kunokunui.com\/lt\/wp-json\/wp\/v2\/product_brand?post=1694"},{"taxonomy":"product_cat","embeddable":true,"href":"https:\/\/kunokunui.com\/lt\/wp-json\/wp\/v2\/product_cat?post=1694"},{"taxonomy":"product_tag","embeddable":true,"href":"https:\/\/kunokunui.com\/lt\/wp-json\/wp\/v2\/product_tag?post=1694"}],"curies":[{"name":"wp","href":"https:\/\/api.w.org\/{rel}","templated":true}]}}